{"id":350,"date":"2024-12-28T22:32:15","date_gmt":"2024-12-28T19:32:15","guid":{"rendered":"https:\/\/gaziantepparkur.com\/?page_id=350"},"modified":"2024-12-30T23:40:58","modified_gmt":"2024-12-30T20:40:58","slug":"hakkimizda","status":"publish","type":"page","link":"https:\/\/gaziantepparkur.com\/?page_id=350","title":{"rendered":"Hakk\u0131m\u0131zda"},"content":{"rendered":"\n<p>15 y\u0131l\u0131 a\u015fk\u0131n tecr\u00fcbemizle, sporun d\u00f6n\u00fc\u015ft\u00fcr\u00fcc\u00fc g\u00fcc\u00fcne inanarak bireylerin potansiyelini a\u00e7\u0131\u011fa \u00e7\u0131karmay\u0131 hedefliyoruz. Alan\u0131nda uzman ve deneyimli e\u011fitmen kadromuz, her \u00f6\u011frencinin bireysel ihtiya\u00e7lar\u0131na g\u00f6re tasarlanm\u0131\u015f parkur haz\u0131rl\u0131klar\u0131 ve antrenman programlar\u0131 haz\u0131rlamaktad\u0131r.<\/p>\n\n\n\n<p>E\u011fitim felsefemiz, disiplini ve motivasyonu birle\u015ftirerek, \u00f6\u011frencilerimizin hayal ettikleri ba\u015far\u0131lara ula\u015fmalar\u0131n\u0131 kolayla\u015ft\u0131rmak \u00fczerine kuruludur. Dayan\u0131kl\u0131l\u0131k, h\u0131z, \u00e7eviklik ve g\u00fc\u00e7 gibi temel becerileri geli\u015ftirerek, \u00f6\u011frencilerimizin s\u0131navlarda, spor kariyerlerinde ve hayatlar\u0131nda \u00f6nemli ba\u015far\u0131lara imza atmalar\u0131na rehberlik ediyoruz.<\/p>\n\n\n\n<p>\u00d6zel tasarlanm\u0131\u015f parkur ve antrenman programlar\u0131m\u0131z, \u00f6\u011frencilerimizin kendi s\u0131n\u0131rlar\u0131n\u0131 a\u015fmalar\u0131na, performanslar\u0131n\u0131 zirveye ta\u015f\u0131malar\u0131na ve hedeflerine tam donan\u0131ml\u0131 bir \u015fekilde ula\u015fmalar\u0131na yard\u0131mc\u0131 oluyor. Sporun sadece bir fiziksel aktivite de\u011fil, ayn\u0131 zamanda bir ya\u015fam bi\u00e7imi oldu\u011funa inan\u0131yor; \u00f6\u011frencilerimize g\u00fc\u00e7l\u00fc bir destek ve ilham kayna\u011f\u0131 olmay\u0131 ama\u00e7l\u0131yoruz.<\/p>\n\n\n\n<p>Ba\u015far\u0131ya giden yolda, hayallerinizi ger\u00e7e\u011fe d\u00f6n\u00fc\u015ft\u00fcrmek i\u00e7in buraday\u0131z.<\/p>\n","protected":false},"excerpt":{"rendered":"<p>15 y\u0131l\u0131 a\u015fk\u0131n tecr\u00fcbemizle, sporun d\u00f6n\u00fc\u015ft\u00fcr\u00fcc\u00fc g\u00fcc\u00fcne inanarak bireylerin potansiyelini a\u00e7\u0131\u011fa \u00e7\u0131karmay\u0131 hedefliyoruz. Alan\u0131nda uzman ve deneyimli e\u011fitmen kadromuz, her [&hellip;]<\/p>\n","protected":false},"author":1,"featured_media":0,"parent":0,"menu_order":0,"comment_status":"closed","ping_status":"closed","template":"","meta":{"site-sidebar-layout":"default","site-content-layout":"","ast-site-content-layout":"","site-content-style":"default","site-sidebar-style":"default","ast-global-header-display":"","ast-banner-title-visibility":"","ast-main-header-display":"","ast-hfb-above-header-display":"","ast-hfb-below-header-display":"","ast-hfb-mobile-header-display":"","site-post-title":"","ast-breadcrumbs-content":"","ast-featured-img":"","footer-sml-layout":"","theme-transparent-header-meta":"","adv-header-id-meta":"","stick-header-meta":"","header-above-stick-meta":"","header-main-stick-meta":"","header-below-stick-meta":"","astra-migrate-meta-layouts":"default","ast-page-background-enabled":"default","ast-page-background-meta":{"desktop":{"background-color":"var(--ast-global-color-4)","background-image":"","background-repeat":"repeat","background-position":"center center","background-size":"auto","background-attachment":"scroll","background-type":"","background-media":"","overlay-type":"","overlay-color":"","overlay-opacity":"","overlay-gradient":""},"tablet":{"background-color":"","background-image":"","background-repeat":"repeat","background-position":"center center","background-size":"auto","background-attachment":"scroll","background-type":"","background-media":"","overlay-type":"","overlay-color":"","overlay-opacity":"","overlay-gradient":""},"mobile":{"background-color":"","background-image":"","background-repeat":"repeat","background-position":"center center","background-size":"auto","background-attachment":"scroll","background-type":"","background-media":"","overlay-type":"","overlay-color":"","overlay-opacity":"","overlay-gradient":""}},"ast-content-background-meta":{"desktop":{"background-color":"var(--ast-global-color-5)","background-image":"","background-repeat":"repeat","background-position":"center center","background-size":"auto","background-attachment":"scroll","background-type":"","background-media":"","overlay-type":"","overlay-color":"","overlay-opacity":"","overlay-gradient":""},"tablet":{"background-color":"var(--ast-global-color-5)","background-image":"","background-repeat":"repeat","background-position":"center center","background-size":"auto","background-attachment":"scroll","background-type":"","background-media":"","overlay-type":"","overlay-color":"","overlay-opacity":"","overlay-gradient":""},"mobile":{"background-color":"var(--ast-global-color-5)","background-image":"","background-repeat":"repeat","background-position":"center center","background-size":"auto","background-attachment":"scroll","background-type":"","background-media":"","overlay-type":"","overlay-color":"","overlay-opacity":"","overlay-gradient":""}},"footnotes":""},"class_list":["post-350","page","type-page","status-publish","hentry"],"_links":{"self":[{"href":"https:\/\/gaziantepparkur.com\/index.php?rest_route=\/wp\/v2\/pages\/350","targetHints":{"allow":["GET"]}}],"collection":[{"href":"https:\/\/gaziantepparkur.com\/index.php?rest_route=\/wp\/v2\/pages"}],"about":[{"href":"https:\/\/gaziantepparkur.com\/index.php?rest_route=\/wp\/v2\/types\/page"}],"author":[{"embeddable":true,"href":"https:\/\/gaziantepparkur.com\/index.php?rest_route=\/wp\/v2\/users\/1"}],"replies":[{"embeddable":true,"href":"https:\/\/gaziantepparkur.com\/index.php?rest_route=%2Fwp%2Fv2%2Fcomments&post=350"}],"version-history":[{"count":3,"href":"https:\/\/gaziantepparkur.com\/index.php?rest_route=\/wp\/v2\/pages\/350\/revisions"}],"predecessor-version":[{"id":580,"href":"https:\/\/gaziantepparkur.com\/index.php?rest_route=\/wp\/v2\/pages\/350\/revisions\/580"}],"wp:attachment":[{"href":"https:\/\/gaziantepparkur.com\/index.php?rest_route=%2Fwp%2Fv2%2Fmedia&parent=350"}],"curies":[{"name":"wp","href":"https:\/\/api.w.org\/{rel}","templated":true}]}}