{"id":346,"date":"2024-12-28T22:31:20","date_gmt":"2024-12-28T19:31:20","guid":{"rendered":"https:\/\/gaziantepparkur.com\/?page_id=346"},"modified":"2024-12-30T23:20:58","modified_gmt":"2024-12-30T20:20:58","slug":"basarilarimiz","status":"publish","type":"page","link":"https:\/\/gaziantepparkur.com\/?page_id=346","title":{"rendered":"Ba\u015far\u0131lar\u0131m\u0131z"},"content":{"rendered":"\n<figure class=\"wp-block-image size-large is-resized\"><img loading=\"lazy\" decoding=\"async\" width=\"1024\" height=\"506\" src=\"https:\/\/gaziantepparkur.com\/wp-content\/uploads\/2024\/12\/er-1024x506.png\" alt=\"\" class=\"wp-image-367\" style=\"width:1200px;height:auto\" srcset=\"https:\/\/gaziantepparkur.com\/wp-content\/uploads\/2024\/12\/er-1024x506.png 1024w, https:\/\/gaziantepparkur.com\/wp-content\/uploads\/2024\/12\/er-300x148.png 300w, https:\/\/gaziantepparkur.com\/wp-content\/uploads\/2024\/12\/er-768x380.png 768w, https:\/\/gaziantepparkur.com\/wp-content\/uploads\/2024\/12\/er.png 1098w\" sizes=\"auto, (max-width: 1024px) 100vw, 1024px\" \/><\/figure>\n\n\n\n<figure class=\"wp-block-image size-large is-resized\"><img loading=\"lazy\" decoding=\"async\" width=\"1024\" height=\"511\" src=\"https:\/\/gaziantepparkur.com\/wp-content\/uploads\/2024\/12\/ki-1024x511.png\" alt=\"\" class=\"wp-image-368\" style=\"width:1200px;height:auto\" srcset=\"https:\/\/gaziantepparkur.com\/wp-content\/uploads\/2024\/12\/ki-1024x511.png 1024w, https:\/\/gaziantepparkur.com\/wp-content\/uploads\/2024\/12\/ki-300x150.png 300w, https:\/\/gaziantepparkur.com\/wp-content\/uploads\/2024\/12\/ki-768x383.png 768w, https:\/\/gaziantepparkur.com\/wp-content\/uploads\/2024\/12\/ki.png 1096w\" sizes=\"auto, (max-width: 1024px) 100vw, 1024px\" \/><\/figure>\n\n\n\n<div class=\"wp-block-columns are-vertically-aligned-top is-layout-flex wp-container-core-columns-is-layout-00723822 wp-block-columns-is-layout-flex\">\n<div class=\"wp-block-column is-vertically-aligned-top is-layout-flow wp-container-core-column-is-layout-6b73ce23 wp-block-column-is-layout-flow\">\n<figure class=\"wp-block-image size-full is-resized\"><img loading=\"lazy\" decoding=\"async\" width=\"512\" height=\"512\" src=\"https:\/\/gaziantepparkur.com\/wp-content\/uploads\/2024\/12\/star.png\" alt=\"\" class=\"wp-image-384\" style=\"width:86px;height:auto\" srcset=\"https:\/\/gaziantepparkur.com\/wp-content\/uploads\/2024\/12\/star.png 512w, https:\/\/gaziantepparkur.com\/wp-content\/uploads\/2024\/12\/star-300x300.png 300w, https:\/\/gaziantepparkur.com\/wp-content\/uploads\/2024\/12\/star-150x150.png 150w\" sizes=\"auto, (max-width: 512px) 100vw, 512px\" \/><\/figure>\n\n\n\n<h3 class=\"wp-block-heading has-text-align-left\">5 bine yak\u0131n ki\u015finin girdi\u011fi Gaziantep merkez s\u0131nav\u0131nda, <\/h3>\n\n\n\n<p class=\"has-text-align-left\">k\u0131zlarda;                             En iyi 1.derece                     En iyi 2.Derece                      En iyi 3.Derece                                   En iyi 4.Derece                                En iyi 5.Derece                              En iyi 6.Derece                                En iyi 7.Derece                                En iyi 10.Derece<\/p>\n<\/div>\n\n\n\n<div class=\"wp-block-column is-vertically-aligned-top is-layout-flow wp-container-core-column-is-layout-6b73ce23 wp-block-column-is-layout-flow\">\n<figure class=\"wp-block-image size-full is-resized\"><img loading=\"lazy\" decoding=\"async\" width=\"512\" height=\"512\" src=\"https:\/\/gaziantepparkur.com\/wp-content\/uploads\/2024\/12\/star-1.png\" alt=\"\" class=\"wp-image-385\" style=\"width:82px;height:auto\" srcset=\"https:\/\/gaziantepparkur.com\/wp-content\/uploads\/2024\/12\/star-1.png 512w, https:\/\/gaziantepparkur.com\/wp-content\/uploads\/2024\/12\/star-1-300x300.png 300w, https:\/\/gaziantepparkur.com\/wp-content\/uploads\/2024\/12\/star-1-150x150.png 150w\" sizes=\"auto, (max-width: 512px) 100vw, 512px\" \/><\/figure>\n\n\n\n<h3 class=\"wp-block-heading has-text-align-left\">2024 Gaziantep Merkezi S\u0131nav <\/h3>\n\n\n\n<p class=\"has-text-align-left\">Erkeklerde 68 k\u0131zlarda 57 \u00f6\u011frencimiz derece yapt\u0131<\/p>\n<\/div>\n\n\n\n<div class=\"wp-block-column is-vertically-aligned-top is-layout-flow wp-container-core-column-is-layout-6b73ce23 wp-block-column-is-layout-flow\">\n<figure class=\"wp-block-image size-full is-resized\"><img loading=\"lazy\" decoding=\"async\" width=\"512\" height=\"512\" src=\"https:\/\/gaziantepparkur.com\/wp-content\/uploads\/2024\/12\/star-2.png\" alt=\"\" class=\"wp-image-386\" style=\"width:78px;height:auto\" srcset=\"https:\/\/gaziantepparkur.com\/wp-content\/uploads\/2024\/12\/star-2.png 512w, https:\/\/gaziantepparkur.com\/wp-content\/uploads\/2024\/12\/star-2-300x300.png 300w, https:\/\/gaziantepparkur.com\/wp-content\/uploads\/2024\/12\/star-2-150x150.png 150w\" sizes=\"auto, (max-width: 512px) 100vw, 512px\" \/><\/figure>\n\n\n\n<h3 class=\"wp-block-heading has-text-align-left\" style=\"margin-top:16px\">Adil Sani Konuko\u011flu Spor Lisesinde<\/h3>\n\n\n\n<p class=\"has-text-align-left\">K\u0131zlarda en iyi 3. 5. 6. 7. 10. derece<\/p>\n\n\n\n<p>Erkeklerde en iyi 2. 3. 4. 6. 7. 9.derece<\/p>\n<\/div>\n\n\n\n<div class=\"wp-block-column is-vertically-aligned-top is-layout-flow wp-container-core-column-is-layout-6b73ce23 wp-block-column-is-layout-flow\">\n<figure class=\"wp-block-image size-full is-resized\"><img loading=\"lazy\" decoding=\"async\" width=\"512\" height=\"512\" src=\"https:\/\/gaziantepparkur.com\/wp-content\/uploads\/2024\/12\/star-3.png\" alt=\"\" class=\"wp-image-387\" style=\"width:79px;height:auto\" srcset=\"https:\/\/gaziantepparkur.com\/wp-content\/uploads\/2024\/12\/star-3.png 512w, https:\/\/gaziantepparkur.com\/wp-content\/uploads\/2024\/12\/star-3-300x300.png 300w, https:\/\/gaziantepparkur.com\/wp-content\/uploads\/2024\/12\/star-3-150x150.png 150w\" sizes=\"auto, (max-width: 512px) 100vw, 512px\" \/><\/figure>\n\n\n\n<h3 class=\"wp-block-heading has-text-align-left\" style=\"margin-top:16px\">Kamil Ocak Spor Lisesinde <\/h3>\n\n\n\n<p class=\"has-text-align-left\">K\u0131zlarda en iyi 5. 6. derece<\/p>\n\n\n\n<p>Erkeklerde en iyi 2. 3. derece<\/p>\n<\/div>\n<\/div>\n\n\n\n<figure class=\"wp-block-gallery has-nested-images columns-default is-cropped wp-block-gallery-1 is-layout-flex wp-block-gallery-is-layout-flex\">\n<figure class=\"wp-block-image size-large\"><img loading=\"lazy\" decoding=\"async\" width=\"1022\" height=\"1024\" data-id=\"372\" src=\"https:\/\/gaziantepparkur.com\/wp-content\/uploads\/2024\/12\/WhatsApp-Gorsel-2024-12-28-saat-22.53.44_e6ca16b8-1022x1024.jpg\" alt=\"\" class=\"wp-image-372\" srcset=\"https:\/\/gaziantepparkur.com\/wp-content\/uploads\/2024\/12\/WhatsApp-Gorsel-2024-12-28-saat-22.53.44_e6ca16b8-1022x1024.jpg 1022w, https:\/\/gaziantepparkur.com\/wp-content\/uploads\/2024\/12\/WhatsApp-Gorsel-2024-12-28-saat-22.53.44_e6ca16b8-300x300.jpg 300w, https:\/\/gaziantepparkur.com\/wp-content\/uploads\/2024\/12\/WhatsApp-Gorsel-2024-12-28-saat-22.53.44_e6ca16b8-150x150.jpg 150w, https:\/\/gaziantepparkur.com\/wp-content\/uploads\/2024\/12\/WhatsApp-Gorsel-2024-12-28-saat-22.53.44_e6ca16b8-768x769.jpg 768w, https:\/\/gaziantepparkur.com\/wp-content\/uploads\/2024\/12\/WhatsApp-Gorsel-2024-12-28-saat-22.53.44_e6ca16b8.jpg 1152w\" sizes=\"auto, (max-width: 1022px) 100vw, 1022px\" \/><figcaption class=\"wp-element-caption\">BESYO s\u0131nav\u0131nda en iyi ikinci, d\u00f6rd\u00fcnc\u00fc ve be\u015finci derece<\/figcaption><\/figure>\n\n\n\n<figure class=\"wp-block-image size-large\"><img loading=\"lazy\" decoding=\"async\" width=\"1024\" height=\"719\" data-id=\"377\" src=\"https:\/\/gaziantepparkur.com\/wp-content\/uploads\/2024\/12\/WhatsApp-Gorsel-2024-12-28-saat-22.53.45_14e71705-1024x719.jpg\" alt=\"\" class=\"wp-image-377\" srcset=\"https:\/\/gaziantepparkur.com\/wp-content\/uploads\/2024\/12\/WhatsApp-Gorsel-2024-12-28-saat-22.53.45_14e71705-1024x719.jpg 1024w, https:\/\/gaziantepparkur.com\/wp-content\/uploads\/2024\/12\/WhatsApp-Gorsel-2024-12-28-saat-22.53.45_14e71705-300x211.jpg 300w, https:\/\/gaziantepparkur.com\/wp-content\/uploads\/2024\/12\/WhatsApp-Gorsel-2024-12-28-saat-22.53.45_14e71705-768x539.jpg 768w, https:\/\/gaziantepparkur.com\/wp-content\/uploads\/2024\/12\/WhatsApp-Gorsel-2024-12-28-saat-22.53.45_14e71705.jpg 1152w\" sizes=\"auto, (max-width: 1024px) 100vw, 1024px\" \/><figcaption class=\"wp-element-caption\">32.30 saniye ile Gaziantep geneli en iyi 2.derece<\/figcaption><\/figure>\n\n\n\n<figure class=\"wp-block-image size-large\"><img loading=\"lazy\" decoding=\"async\" width=\"978\" height=\"648\" data-id=\"373\" src=\"https:\/\/gaziantepparkur.com\/wp-content\/uploads\/2024\/12\/WhatsApp-Gorsel-2024-12-28-saat-22.53.45_b73d648f.jpg\" alt=\"\" class=\"wp-image-373\" srcset=\"https:\/\/gaziantepparkur.com\/wp-content\/uploads\/2024\/12\/WhatsApp-Gorsel-2024-12-28-saat-22.53.45_b73d648f.jpg 978w, https:\/\/gaziantepparkur.com\/wp-content\/uploads\/2024\/12\/WhatsApp-Gorsel-2024-12-28-saat-22.53.45_b73d648f-300x199.jpg 300w, https:\/\/gaziantepparkur.com\/wp-content\/uploads\/2024\/12\/WhatsApp-Gorsel-2024-12-28-saat-22.53.45_b73d648f-768x509.jpg 768w\" sizes=\"auto, (max-width: 978px) 100vw, 978px\" \/><figcaption class=\"wp-element-caption\">31.90 saniye ile en iyi derece<\/figcaption><\/figure>\n\n\n\n<figure class=\"wp-block-image size-large\"><img loading=\"lazy\" decoding=\"async\" width=\"1024\" height=\"756\" data-id=\"375\" src=\"https:\/\/gaziantepparkur.com\/wp-content\/uploads\/2024\/12\/WhatsApp-Gorsel-2024-12-28-saat-22.53.45_d4d1a408-1024x756.jpg\" alt=\"\" class=\"wp-image-375\" srcset=\"https:\/\/gaziantepparkur.com\/wp-content\/uploads\/2024\/12\/WhatsApp-Gorsel-2024-12-28-saat-22.53.45_d4d1a408-1024x756.jpg 1024w, https:\/\/gaziantepparkur.com\/wp-content\/uploads\/2024\/12\/WhatsApp-Gorsel-2024-12-28-saat-22.53.45_d4d1a408-300x221.jpg 300w, https:\/\/gaziantepparkur.com\/wp-content\/uploads\/2024\/12\/WhatsApp-Gorsel-2024-12-28-saat-22.53.45_d4d1a408-768x567.jpg 768w, https:\/\/gaziantepparkur.com\/wp-content\/uploads\/2024\/12\/WhatsApp-Gorsel-2024-12-28-saat-22.53.45_d4d1a408.jpg 1152w\" sizes=\"auto, (max-width: 1024px) 100vw, 1024px\" \/><figcaption class=\"wp-element-caption\">32.54 saniye ile Gaziantep geneli en iyi 3.derece<\/figcaption><\/figure>\n\n\n\n<figure class=\"wp-block-image size-large\"><img loading=\"lazy\" decoding=\"async\" width=\"1024\" height=\"689\" data-id=\"374\" src=\"https:\/\/gaziantepparkur.com\/wp-content\/uploads\/2024\/12\/WhatsApp-Gorsel-2024-12-28-saat-22.53.47_ad86bd43-1024x689.jpg\" alt=\"\" class=\"wp-image-374\" srcset=\"https:\/\/gaziantepparkur.com\/wp-content\/uploads\/2024\/12\/WhatsApp-Gorsel-2024-12-28-saat-22.53.47_ad86bd43-1024x689.jpg 1024w, https:\/\/gaziantepparkur.com\/wp-content\/uploads\/2024\/12\/WhatsApp-Gorsel-2024-12-28-saat-22.53.47_ad86bd43-300x202.jpg 300w, https:\/\/gaziantepparkur.com\/wp-content\/uploads\/2024\/12\/WhatsApp-Gorsel-2024-12-28-saat-22.53.47_ad86bd43-768x517.jpg 768w, https:\/\/gaziantepparkur.com\/wp-content\/uploads\/2024\/12\/WhatsApp-Gorsel-2024-12-28-saat-22.53.47_ad86bd43.jpg 1152w\" sizes=\"auto, (max-width: 1024px) 100vw, 1024px\" \/><figcaption class=\"wp-element-caption\">Gaziantep merkez s\u0131nav\u0131nda en iyi 1. &#8211; en iyi 2. ve en iyi 3.  derece<\/figcaption><\/figure>\n\n\n\n<figure class=\"wp-block-image size-large\"><img loading=\"lazy\" decoding=\"async\" width=\"1024\" height=\"812\" data-id=\"376\" src=\"https:\/\/gaziantepparkur.com\/wp-content\/uploads\/2024\/12\/WhatsApp-Gorsel-2024-12-28-saat-22.53.48_1d1fe537-1024x812.jpg\" alt=\"\" class=\"wp-image-376\" srcset=\"https:\/\/gaziantepparkur.com\/wp-content\/uploads\/2024\/12\/WhatsApp-Gorsel-2024-12-28-saat-22.53.48_1d1fe537-1024x812.jpg 1024w, https:\/\/gaziantepparkur.com\/wp-content\/uploads\/2024\/12\/WhatsApp-Gorsel-2024-12-28-saat-22.53.48_1d1fe537-300x238.jpg 300w, https:\/\/gaziantepparkur.com\/wp-content\/uploads\/2024\/12\/WhatsApp-Gorsel-2024-12-28-saat-22.53.48_1d1fe537-768x609.jpg 768w, https:\/\/gaziantepparkur.com\/wp-content\/uploads\/2024\/12\/WhatsApp-Gorsel-2024-12-28-saat-22.53.48_1d1fe537.jpg 1152w\" sizes=\"auto, (max-width: 1024px) 100vw, 1024px\" \/><figcaption class=\"wp-element-caption\"><mark style=\"background-color:rgba(0, 0, 0, 0)\" class=\"has-inline-color has-ast-global-color-4-color\">Ad\u0131yaman Spor Lisesini Kazanan \u00d6\u011frencimiz<\/mark><\/figcaption><\/figure>\n<\/figure>\n","protected":false},"excerpt":{"rendered":"<p>5 bine yak\u0131n ki\u015finin girdi\u011fi Gaziantep merkez s\u0131nav\u0131nda, k\u0131zlarda; En iyi 1.derece En iyi 2.Derece En iyi 3.Derece En iyi [&hellip;]<\/p>\n","protected":false},"author":1,"featured_media":0,"parent":0,"menu_order":0,"comment_status":"closed","ping_status":"closed","template":"","meta":{"site-sidebar-layout":"default","site-content-layout":"","ast-site-content-layout":"","site-content-style":"default","site-sidebar-style":"default","ast-global-header-display":"","ast-banner-title-visibility":"","ast-main-header-display":"","ast-hfb-above-header-display":"","ast-hfb-below-header-display":"","ast-hfb-mobile-header-display":"","site-post-title":"disabled","ast-breadcrumbs-content":"","ast-featured-img":"","footer-sml-layout":"","theme-transparent-header-meta":"","adv-header-id-meta":"","stick-header-meta":"","header-above-stick-meta":"","header-main-stick-meta":"","header-below-stick-meta":"","astra-migrate-meta-layouts":"default","ast-page-background-enabled":"default","ast-page-background-meta":{"desktop":{"background-color":"var(--ast-global-color-4)","background-image":"","background-repeat":"repeat","background-position":"center center","background-size":"auto","background-attachment":"scroll","background-type":"","background-media":"","overlay-type":"","overlay-color":"","overlay-opacity":"","overlay-gradient":""},"tablet":{"background-color":"","background-image":"","background-repeat":"repeat","background-position":"center center","background-size":"auto","background-attachment":"scroll","background-type":"","background-media":"","overlay-type":"","overlay-color":"","overlay-opacity":"","overlay-gradient":""},"mobile":{"background-color":"","background-image":"","background-repeat":"repeat","background-position":"center center","background-size":"auto","background-attachment":"scroll","background-type":"","background-media":"","overlay-type":"","overlay-color":"","overlay-opacity":"","overlay-gradient":""}},"ast-content-background-meta":{"desktop":{"background-color":"var(--ast-global-color-5)","background-image":"","background-repeat":"repeat","background-position":"center center","background-size":"auto","background-attachment":"scroll","background-type":"","background-media":"","overlay-type":"","overlay-color":"","overlay-opacity":"","overlay-gradient":""},"tablet":{"background-color":"var(--ast-global-color-5)","background-image":"","background-repeat":"repeat","background-position":"center center","background-size":"auto","background-attachment":"scroll","background-type":"","background-media":"","overlay-type":"","overlay-color":"","overlay-opacity":"","overlay-gradient":""},"mobile":{"background-color":"var(--ast-global-color-5)","background-image":"","background-repeat":"repeat","background-position":"center center","background-size":"auto","background-attachment":"scroll","background-type":"","background-media":"","overlay-type":"","overlay-color":"","overlay-opacity":"","overlay-gradient":""}},"footnotes":""},"class_list":["post-346","page","type-page","status-publish","hentry"],"_links":{"self":[{"href":"https:\/\/gaziantepparkur.com\/index.php?rest_route=\/wp\/v2\/pages\/346","targetHints":{"allow":["GET"]}}],"collection":[{"href":"https:\/\/gaziantepparkur.com\/index.php?rest_route=\/wp\/v2\/pages"}],"about":[{"href":"https:\/\/gaziantepparkur.com\/index.php?rest_route=\/wp\/v2\/types\/page"}],"author":[{"embeddable":true,"href":"https:\/\/gaziantepparkur.com\/index.php?rest_route=\/wp\/v2\/users\/1"}],"replies":[{"embeddable":true,"href":"https:\/\/gaziantepparkur.com\/index.php?rest_route=%2Fwp%2Fv2%2Fcomments&post=346"}],"version-history":[{"count":16,"href":"https:\/\/gaziantepparkur.com\/index.php?rest_route=\/wp\/v2\/pages\/346\/revisions"}],"predecessor-version":[{"id":397,"href":"https:\/\/gaziantepparkur.com\/index.php?rest_route=\/wp\/v2\/pages\/346\/revisions\/397"}],"wp:attachment":[{"href":"https:\/\/gaziantepparkur.com\/index.php?rest_route=%2Fwp%2Fv2%2Fmedia&parent=346"}],"curies":[{"name":"wp","href":"https:\/\/api.w.org\/{rel}","templated":true}]}}