{"id":258,"date":"2024-12-28T20:59:42","date_gmt":"2024-12-28T17:59:42","guid":{"rendered":"http:\/\/gaziantepparkur.com\/?page_id=258"},"modified":"2025-03-03T20:34:06","modified_gmt":"2025-03-03T17:34:06","slug":"iletisim","status":"publish","type":"page","link":"https:\/\/gaziantepparkur.com\/?page_id=258","title":{"rendered":"\u0130leti\u015fim"},"content":{"rendered":"\n<p><\/p>\n\n\n\n<div class=\"contact-container\">\n  <div class=\"contact-info\">\n    <p><strong>\u0130LET\u0130\u015e\u0130M<\/strong><\/p>\n    <p>MURAT ALKAN<\/p>\n    <p>+90 542 793 96 27<\/p>\n    <p>EY\u00dcP TURAN<\/p>\n    <p>+90 553 208 01 38<\/p>\n  <\/div>\n\n  <div class=\"contact-map\">\n    <iframe src=\"https:\/\/www.google.com\/maps\/embed?pb=!1m18!1m12!1m3!1d44965.13871619647!2d37.37411647625214!3d37.063021417364844!2m3!1f0!2f0!3f0!3m2!1i1024!2i768!4f13.1!3m3!1m2!1s0xaf7c185350994803%3A0xbb37c1819ec1dd08!2sGaziantep%20Parkur!5e0!3m2!1str!2str!4v1735408228451!5m2!1str!2str\" \n    style=\"border:0;\" allowfullscreen=\"\" loading=\"lazy\"><\/iframe>\n  <\/div>\n<\/div>\n\n","protected":false},"excerpt":{"rendered":"<p>\u0130LET\u0130\u015e\u0130M MURAT ALKAN +90 542 793 96 27 EY\u00dcP TURAN +90 553 208 01 38<\/p>\n","protected":false},"author":1,"featured_media":0,"parent":0,"menu_order":0,"comment_status":"closed","ping_status":"closed","template":"","meta":{"site-sidebar-layout":"default","site-content-layout":"","ast-site-content-layout":"","site-content-style":"default","site-sidebar-style":"default","ast-global-header-display":"","ast-banner-title-visibility":"","ast-main-header-display":"","ast-hfb-above-header-display":"","ast-hfb-below-header-display":"","ast-hfb-mobile-header-display":"","site-post-title":"disabled","ast-breadcrumbs-content":"","ast-featured-img":"","footer-sml-layout":"","theme-transparent-header-meta":"","adv-header-id-meta":"","stick-header-meta":"","header-above-stick-meta":"","header-main-stick-meta":"","header-below-stick-meta":"","astra-migrate-meta-layouts":"default","ast-page-background-enabled":"default","ast-page-background-meta":{"desktop":{"background-color":"var(--ast-global-color-4)","background-image":"","background-repeat":"repeat","background-position":"center center","background-size":"auto","background-attachment":"scroll","background-type":"","background-media":"","overlay-type":"","overlay-color":"","overlay-opacity":"","overlay-gradient":""},"tablet":{"background-color":"","background-image":"","background-repeat":"repeat","background-position":"center center","background-size":"auto","background-attachment":"scroll","background-type":"","background-media":"","overlay-type":"","overlay-color":"","overlay-opacity":"","overlay-gradient":""},"mobile":{"background-color":"","background-image":"","background-repeat":"repeat","background-position":"center center","background-size":"auto","background-attachment":"scroll","background-type":"","background-media":"","overlay-type":"","overlay-color":"","overlay-opacity":"","overlay-gradient":""}},"ast-content-background-meta":{"desktop":{"background-color":"var(--ast-global-color-5)","background-image":"","background-repeat":"repeat","background-position":"center center","background-size":"auto","background-attachment":"scroll","background-type":"","background-media":"","overlay-type":"","overlay-color":"","overlay-opacity":"","overlay-gradient":""},"tablet":{"background-color":"var(--ast-global-color-5)","background-image":"","background-repeat":"repeat","background-position":"center center","background-size":"auto","background-attachment":"scroll","background-type":"","background-media":"","overlay-type":"","overlay-color":"","overlay-opacity":"","overlay-gradient":""},"mobile":{"background-color":"var(--ast-global-color-5)","background-image":"","background-repeat":"repeat","background-position":"center center","background-size":"auto","background-attachment":"scroll","background-type":"","background-media":"","overlay-type":"","overlay-color":"","overlay-opacity":"","overlay-gradient":""}},"footnotes":""},"class_list":["post-258","page","type-page","status-publish","hentry"],"_links":{"self":[{"href":"https:\/\/gaziantepparkur.com\/index.php?rest_route=\/wp\/v2\/pages\/258","targetHints":{"allow":["GET"]}}],"collection":[{"href":"https:\/\/gaziantepparkur.com\/index.php?rest_route=\/wp\/v2\/pages"}],"about":[{"href":"https:\/\/gaziantepparkur.com\/index.php?rest_route=\/wp\/v2\/types\/page"}],"author":[{"embeddable":true,"href":"https:\/\/gaziantepparkur.com\/index.php?rest_route=\/wp\/v2\/users\/1"}],"replies":[{"embeddable":true,"href":"https:\/\/gaziantepparkur.com\/index.php?rest_route=%2Fwp%2Fv2%2Fcomments&post=258"}],"version-history":[{"count":10,"href":"https:\/\/gaziantepparkur.com\/index.php?rest_route=\/wp\/v2\/pages\/258\/revisions"}],"predecessor-version":[{"id":587,"href":"https:\/\/gaziantepparkur.com\/index.php?rest_route=\/wp\/v2\/pages\/258\/revisions\/587"}],"wp:attachment":[{"href":"https:\/\/gaziantepparkur.com\/index.php?rest_route=%2Fwp%2Fv2%2Fmedia&parent=258"}],"curies":[{"name":"wp","href":"https:\/\/api.w.org\/{rel}","templated":true}]}}